{"id":1328,"date":"2026-05-11T11:37:33","date_gmt":"2026-05-11T11:37:33","guid":{"rendered":"https:\/\/tema.excelsinifi.com\/?post_type=product&#038;p=1328"},"modified":"2026-05-11T11:38:33","modified_gmt":"2026-05-11T11:38:33","slug":"ms-excel-programi","status":"publish","type":"product","link":"https:\/\/tema.excelsinifi.com\/?product=ms-excel-programi","title":{"rendered":"Ms Excel Program\u0131"},"content":{"rendered":"<h2 data-path-to-node=\"3\">Ms Excel Program\u0131 : \u0130\u015finizi ve Zaman\u0131n\u0131z\u0131 Y\u00f6netmenin En Pratik Yolu<\/h2>\n<p data-path-to-node=\"4\">Karma\u015f\u0131k verilerle u\u011fra\u015fmaktan ve manuel hesaplamalarla vakit kaybetmekten s\u0131k\u0131ld\u0131n\u0131z m\u0131? Sizin i\u00e7in \u00f6zel olarak tasarlad\u0131\u011f\u0131m\u0131z bu profesyonel Excel dosyas\u0131, g\u00fcnl\u00fck s\u00fcre\u00e7lerinizi h\u0131zland\u0131rmak ve verimlili\u011finizi en \u00fcst d\u00fczeye \u00e7\u0131karmak i\u00e7in geli\u015ftirildi.<\/p>\n<p data-path-to-node=\"5\">\u0130leri seviye Excel bilgisine ihtiya\u00e7 duymadan, tamamen kullan\u0131c\u0131 dostu bir aray\u00fczle hemen \u00e7al\u0131\u015fmaya ba\u015flayabilirsiniz. Hem i\u015f hayat\u0131n\u0131zdaki profesyonel ihtiya\u00e7lar\u0131n\u0131z hem de ki\u015fisel takipleriniz i\u00e7in pratik bir \u00e7\u00f6z\u00fcm sunar.<\/p>\n<h3 data-path-to-node=\"6\">\u00d6ne \u00c7\u0131kan \u00d6zellikler<\/h3>\n<ul data-path-to-node=\"7\">\n<li>\n<p data-path-to-node=\"7,0,0\"><b data-path-to-node=\"7,0,0\" data-index-in-node=\"0\">Kullan\u0131c\u0131 Dostu ve Modern Tasar\u0131m:<\/b> G\u00f6z yormayan, karma\u015fadan uzak ve temiz bir aray\u00fcz.<\/p>\n<\/li>\n<li>\n<p data-path-to-node=\"7,1,0\"><b data-path-to-node=\"7,1,0\" data-index-in-node=\"0\">Otomatik Sistemler:<\/b> Arka planda \u00e7al\u0131\u015fan haz\u0131r form\u00fcller sayesinde manuel hata riskini s\u0131f\u0131ra indirin.<\/p>\n<\/li>\n<li>\n<p data-path-to-node=\"7,2,0\"><b data-path-to-node=\"7,2,0\" data-index-in-node=\"0\">Maksimum Zaman Tasarrufu:<\/b> Saatler s\u00fcrebilecek hesaplama ve veri d\u00fczenleme i\u015flemlerini dakikalar i\u00e7inde tamamlay\u0131n.<\/p>\n<\/li>\n<li>\n<p data-path-to-node=\"7,3,0\"><b data-path-to-node=\"7,3,0\" data-index-in-node=\"0\">Tamamen \u00d6zelle\u015ftirilebilir:<\/b> Kendi ihtiya\u00e7lar\u0131n\u0131za g\u00f6re ba\u015fl\u0131klar\u0131, kategorileri ve verileri kolayca d\u00fczenleme imkan\u0131.<\/p>\n<\/li>\n<\/ul>\n","protected":false},"excerpt":{"rendered":"<p>Ms Excel Program\u0131 Karma\u015f\u0131k verilerle u\u011fra\u015fmaktan ve manuel hesaplamalarla vakit kaybetmekten s\u0131k\u0131ld\u0131n\u0131z m\u0131? Sizin i\u00e7in \u00f6zel olarak tasarlad\u0131\u011f\u0131m\u0131z bu profesyonel Excel dosyas\u0131, g\u00fcnl\u00fck s\u00fcre\u00e7lerinizi h\u0131zland\u0131rmak ve verimlili\u011finizi en \u00fcst d\u00fczeye \u00e7\u0131karmak i\u00e7in geli\u015ftirildi.<\/p>\n","protected":false},"featured_media":1386,"comment_status":"open","ping_status":"closed","template":"","meta":[],"product_brand":[],"product_cat":[82],"product_tag":[],"class_list":{"0":"post-1328","1":"product","2":"type-product","3":"status-publish","4":"has-post-thumbnail","6":"product_cat-dosyalar","8":"first","9":"outofstock","10":"shipping-taxable","11":"purchasable","12":"product-type-simple"},"_links":{"self":[{"href":"https:\/\/tema.excelsinifi.com\/index.php?rest_route=\/wp\/v2\/product\/1328","targetHints":{"allow":["GET"]}}],"collection":[{"href":"https:\/\/tema.excelsinifi.com\/index.php?rest_route=\/wp\/v2\/product"}],"about":[{"href":"https:\/\/tema.excelsinifi.com\/index.php?rest_route=\/wp\/v2\/types\/product"}],"replies":[{"embeddable":true,"href":"https:\/\/tema.excelsinifi.com\/index.php?rest_route=%2Fwp%2Fv2%2Fcomments&post=1328"}],"version-history":[{"count":1,"href":"https:\/\/tema.excelsinifi.com\/index.php?rest_route=\/wp\/v2\/product\/1328\/revisions"}],"predecessor-version":[{"id":1387,"href":"https:\/\/tema.excelsinifi.com\/index.php?rest_route=\/wp\/v2\/product\/1328\/revisions\/1387"}],"wp:featuredmedia":[{"embeddable":true,"href":"https:\/\/tema.excelsinifi.com\/index.php?rest_route=\/wp\/v2\/media\/1386"}],"wp:attachment":[{"href":"https:\/\/tema.excelsinifi.com\/index.php?rest_route=%2Fwp%2Fv2%2Fmedia&parent=1328"}],"wp:term":[{"taxonomy":"product_brand","embeddable":true,"href":"https:\/\/tema.excelsinifi.com\/index.php?rest_route=%2Fwp%2Fv2%2Fproduct_brand&post=1328"},{"taxonomy":"product_cat","embeddable":true,"href":"https:\/\/tema.excelsinifi.com\/index.php?rest_route=%2Fwp%2Fv2%2Fproduct_cat&post=1328"},{"taxonomy":"product_tag","embeddable":true,"href":"https:\/\/tema.excelsinifi.com\/index.php?rest_route=%2Fwp%2Fv2%2Fproduct_tag&post=1328"}],"curies":[{"name":"wp","href":"https:\/\/api.w.org\/{rel}","templated":true}]}}