{"id":1320,"date":"2026-05-11T11:37:30","date_gmt":"2026-05-11T11:37:30","guid":{"rendered":"https:\/\/tema.excelsinifi.com\/?post_type=product&#038;p=1320"},"modified":"2026-05-11T11:38:38","modified_gmt":"2026-05-11T11:38:38","slug":"google-gemini-pro","status":"publish","type":"product","link":"https:\/\/tema.excelsinifi.com\/?product=google-gemini-pro","title":{"rendered":"Google Gemini Pro"},"content":{"rendered":"<h2 data-start=\"88\" data-end=\"136\"><strong data-start=\"88\" data-end=\"136\">Google Gemini Pro \u2013 1 Ayl\u0131k veya 1 Y\u0131ll\u0131k Hesap<\/strong><\/h2>\n<p data-start=\"138\" data-end=\"158\"><strong data-start=\"138\" data-end=\"158\">\u00dcr\u00fcn A\u00e7\u0131klamas\u0131:<\/strong><\/p>\n<p data-start=\"160\" data-end=\"546\">Yapay zeka destekli video \u00fcretiminde yeni bir \u00e7a\u011f ba\u015fl\u0131yor! <strong data-start=\"220\" data-end=\"243\">Google AI Pro <\/strong>, ileri seviye video olu\u015fturma ve d\u00fczenleme ara\u00e7lar\u0131n\u0131 yapay zeka teknolojisiyle birle\u015ftirerek, profesyonel videolar\u0131 sadece birka\u00e7 t\u0131klamayla haz\u0131rlaman\u0131z\u0131 sa\u011flar. Bu \u00fcr\u00fcn ile birlikte, <strong data-start=\"88\" data-end=\"136\">1 Ayl\u0131k veya 1 Y\u0131ll\u0131k<\/strong><strong data-start=\"430\" data-end=\"479\">\u00a0Google AI Pro hesab\u0131na<\/strong> sahip olursunuz ve t\u00fcm \u00f6zelliklerden s\u0131n\u0131rs\u0131z faydalanabilirsiniz.<\/p>\n<p data-start=\"548\" data-end=\"573\"><strong data-start=\"548\" data-end=\"573\">\u00d6ne \u00c7\u0131kan \u00d6zellikler:<\/strong><\/p>\n<ul>\n<li><strong>Gemini uygulamas\u0131<\/strong>: En ak\u0131ll\u0131 modelimiz 3.1 Pro ve Deep Research&#8217;e daha kapsaml\u0131 eri\u015fim elde edin. Ayr\u0131ca Nano Banana Pro ile g\u00f6r\u00fcnt\u00fc \u00fcretin ve Veo 3.1 Fast6 ile video \u00fcretmeye ba\u015flay\u0131n.<\/li>\n<li><strong>Flow<\/strong>: Sinematik sahneler ve hikayeler olu\u015fturmak i\u00e7in Veo 3.1 ile \u00f6zel olarak geli\u015ftirilen yapay zeka film yap\u0131m arac\u0131m\u0131za eri\u015fim<\/li>\n<li><strong>Whisk<\/strong>: Veo 3.1 ile resimden video olu\u015fturma \u00f6zelli\u011finde daha y\u00fcksek s\u0131n\u0131rlar<\/li>\n<li><strong>Ayl\u0131k<\/strong> 1.000 yapay zeka kredisi: Flow ve Whisk&#8217;te ge\u00e7erli<\/li>\n<li><strong>NotebookLM<\/strong>: 5 kat daha fazla say\u0131da Sesli \u00d6zet, not defteri ve daha bir\u00e7ok \u00f6zellik i\u00e7eren ara\u015ft\u0131rma ve yazma asistan\u0131<\/li>\n<li><strong>Gmail<\/strong>, Dok\u00fcmanlar ve di\u011fer \u00fcr\u00fcnlerde Gemini: Gemini&#8217;a do\u011frudan Google uygulamalar\u0131ndan eri\u015fim<\/li>\n<li><strong>Chrome&#8217;da<\/strong> <strong>Gemini<\/strong>: Web&#8217;de gezinirken kullanabilece\u011finiz ki\u015fisel asistan\u0131n\u0131z (yaln\u0131zca ABD)<\/li>\n<li><strong>Depolama alan\u0131<\/strong>: Foto\u011fraflar, Drive ve Gmail i\u00e7in toplam 2 TB depolama alan\u0131<\/li>\n<\/ul>\n<p data-start=\"1252\" data-end=\"1275\"><strong data-start=\"1252\" data-end=\"1275\">Teslimat Bilgileri:<\/strong><\/p>\n<p data-start=\"1277\" data-end=\"1423\">\ud83d\udce9 <strong data-start=\"1280\" data-end=\"1300\">Hesap Teslimat\u0131:<\/strong> Sat\u0131n alma sonras\u0131nda, Daha \u00f6nce pro olmad\u0131ysan\u0131z kendi mail adresinize de tan\u0131mlayabiliriz. Aile grubunda olmaman\u0131z gerekmektedir. <strong>Not k\u0131sm\u0131nda belirtin ba\u015fka bir maile tanimlanacak ise.\u00a0<\/strong><\/p>\n<p data-start=\"1425\" data-end=\"1528\">\u23f1\ufe0f <strong data-start=\"1428\" data-end=\"1445\">H\u0131zl\u0131 Teslim:<\/strong> Hesab\u0131n\u0131za eri\u015ferek an\u0131nda kullan\u0131ma ba\u015flayabilirsiniz.<\/p>\n<p data-start=\"1530\" data-end=\"1623\">\ud83d\udd12 <strong data-start=\"1533\" data-end=\"1558\">Ki\u015fiye \u00d6zel Kullan\u0131m:<\/strong> Sadece size \u00f6zel olarak tan\u0131mlanm\u0131\u015f, g\u00fcvenli kullan\u0131m garantisi.<\/p>\n<p data-start=\"1625\" data-end=\"1647\"><strong data-start=\"1625\" data-end=\"1647\">Kullan\u0131m Alanlar\u0131:<\/strong><\/p>\n<p data-start=\"1649\" data-end=\"1822\">\ud83c\udfac \u0130\u00e7erik \u00fcreticiler<br data-start=\"1669\" data-end=\"1672\" \/>\ud83c\udf93 E\u011fitimciler<br data-start=\"1686\" data-end=\"1689\" \/>\ud83d\udce2 Dijital pazarlamac\u0131lar<br data-start=\"1714\" data-end=\"1717\" \/>\ud83d\udcf1 Sosyal medya y\u00f6neticileri<br data-start=\"1745\" data-end=\"1748\" \/>\ud83c\udfe2 \u015eirket i\u00e7i sunum ve tan\u0131t\u0131m videolar\u0131 haz\u0131rlamak isteyen profesyoneller<\/p>\n<p data-start=\"1824\" data-end=\"1988\"><strong data-start=\"1824\" data-end=\"1902\">Hayalinizdeki videolar\u0131, yapay zekan\u0131n g\u00fcc\u00fcyle dakikalar i\u00e7inde olu\u015fturun!<\/strong><br data-start=\"1902\" data-end=\"1905\" \/>Hemen \u015fimdi Google AI Pro ile tan\u0131\u015f\u0131n ve 1 ayl\u0131k premium deneyime ad\u0131m at\u0131n!<\/p>\n","protected":false},"excerpt":{"rendered":"<p>En ak\u0131ll\u0131 modelimiz 3.1 Pro ve Deep Research&#8217;e daha kapsaml\u0131 eri\u015fim elde edin. Ayr\u0131ca Nano Banana Pro ile g\u00f6r\u00fcnt\u00fc \u00fcretin ve Veo 3.1 Fast6 ile video \u00fcretmeye ba\u015flay\u0131n.<\/p>\n","protected":false},"featured_media":1358,"comment_status":"open","ping_status":"closed","template":"","meta":[],"product_brand":[],"product_cat":[106],"product_tag":[107,108,109],"class_list":{"0":"post-1320","1":"product","2":"type-product","3":"status-publish","4":"has-post-thumbnail","6":"product_cat-yapay-zeka","7":"product_tag-gemini","8":"product_tag-google","9":"product_tag-yapay-zeka","11":"first","12":"instock","13":"shipping-taxable","14":"purchasable","15":"product-type-variable"},"_links":{"self":[{"href":"https:\/\/tema.excelsinifi.com\/index.php?rest_route=\/wp\/v2\/product\/1320","targetHints":{"allow":["GET"]}}],"collection":[{"href":"https:\/\/tema.excelsinifi.com\/index.php?rest_route=\/wp\/v2\/product"}],"about":[{"href":"https:\/\/tema.excelsinifi.com\/index.php?rest_route=\/wp\/v2\/types\/product"}],"replies":[{"embeddable":true,"href":"https:\/\/tema.excelsinifi.com\/index.php?rest_route=%2Fwp%2Fv2%2Fcomments&post=1320"}],"version-history":[{"count":1,"href":"https:\/\/tema.excelsinifi.com\/index.php?rest_route=\/wp\/v2\/product\/1320\/revisions"}],"predecessor-version":[{"id":1359,"href":"https:\/\/tema.excelsinifi.com\/index.php?rest_route=\/wp\/v2\/product\/1320\/revisions\/1359"}],"wp:featuredmedia":[{"embeddable":true,"href":"https:\/\/tema.excelsinifi.com\/index.php?rest_route=\/wp\/v2\/media\/1358"}],"wp:attachment":[{"href":"https:\/\/tema.excelsinifi.com\/index.php?rest_route=%2Fwp%2Fv2%2Fmedia&parent=1320"}],"wp:term":[{"taxonomy":"product_brand","embeddable":true,"href":"https:\/\/tema.excelsinifi.com\/index.php?rest_route=%2Fwp%2Fv2%2Fproduct_brand&post=1320"},{"taxonomy":"product_cat","embeddable":true,"href":"https:\/\/tema.excelsinifi.com\/index.php?rest_route=%2Fwp%2Fv2%2Fproduct_cat&post=1320"},{"taxonomy":"product_tag","embeddable":true,"href":"https:\/\/tema.excelsinifi.com\/index.php?rest_route=%2Fwp%2Fv2%2Fproduct_tag&post=1320"}],"curies":[{"name":"wp","href":"https:\/\/api.w.org\/{rel}","templated":true}]}}