{"id":1318,"date":"2026-05-11T11:37:30","date_gmt":"2026-05-11T11:37:30","guid":{"rendered":"https:\/\/tema.excelsinifi.com\/?post_type=product&#038;p=1318"},"modified":"2026-05-11T11:37:54","modified_gmt":"2026-05-11T11:37:54","slug":"office-2024-pro-plus","status":"publish","type":"product","link":"https:\/\/tema.excelsinifi.com\/?product=office-2024-pro-plus","title":{"rendered":"Office 2024 Pro Plus"},"content":{"rendered":"<p class=\"\" data-start=\"185\" data-end=\"253\"><strong data-start=\"185\" data-end=\"253\">Office 2024 Pro Plus Formats\u0131z S\u00fcresiz Kullan\u0131m \u2013 1 PC (Windows)<\/strong><\/p>\n<hr class=\"\" data-start=\"255\" data-end=\"258\" \/>\n<h3 class=\"\" data-start=\"260\" data-end=\"284\"><strong data-start=\"264\" data-end=\"284\">\u00dcr\u00fcn A\u00e7\u0131klamas\u0131:<\/strong><\/h3>\n<p class=\"\" data-start=\"286\" data-end=\"610\">G\u00fcn\u00fcm\u00fcz i\u015f d\u00fcnyas\u0131 ve bireysel kullan\u0131m i\u00e7in en g\u00fcncel ve g\u00fc\u00e7l\u00fc \u00e7\u00f6z\u00fcmleri sunan <strong data-start=\"366\" data-end=\"390\">Office 2024 Pro Plus<\/strong>, \u00fcretkenli\u011finizi art\u0131rmak ve i\u015flerinizi kolayla\u015ft\u0131rmak i\u00e7in tasarland\u0131. Geli\u015ftirilmi\u015f aray\u00fcz\u00fc, performans optimizasyonlar\u0131 ve yenilik\u00e7i ara\u00e7lar\u0131yla <strong data-start=\"539\" data-end=\"554\">Office 2024<\/strong>, dijital \u00e7al\u0131\u015fma deneyiminizi bir \u00fcst seviyeye ta\u015f\u0131yor.<\/p>\n<hr class=\"\" data-start=\"612\" data-end=\"615\" \/>\n<h3 class=\"\" data-start=\"617\" data-end=\"636\"><strong data-start=\"621\" data-end=\"636\">\u00d6zellikler:<\/strong><\/h3>\n<ul data-start=\"638\" data-end=\"1389\">\n<li class=\"\" data-start=\"638\" data-end=\"746\">\n<p class=\"\" data-start=\"640\" data-end=\"746\"><strong data-start=\"640\" data-end=\"654\">Word 2024:<\/strong> Yepyeni \u015fablonlar ve destekli yaz\u0131m \u00f6nerileriyle profesyonel belgeler olu\u015fturun.<\/p>\n<\/li>\n<li class=\"\" data-start=\"747\" data-end=\"877\">\n<p class=\"\" data-start=\"749\" data-end=\"877\"><strong data-start=\"749\" data-end=\"764\">Excel 2024:<\/strong> Geli\u015ftirilmi\u015f veri analizi, Power Query ve form\u00fcl \u00f6nerileriyle veri i\u015fleme art\u0131k daha kolay.<\/p>\n<\/li>\n<li class=\"\" data-start=\"878\" data-end=\"991\">\n<p class=\"\" data-start=\"880\" data-end=\"991\"><strong data-start=\"880\" data-end=\"900\">PowerPoint 2024:<\/strong> Canl\u0131 ge\u00e7i\u015fler, animasyonlar ve sunum tasar\u0131m asistan\u0131 ile etkileyici sunumlar haz\u0131rlay\u0131n.<\/p>\n<\/li>\n<li class=\"\" data-start=\"992\" data-end=\"1114\">\n<p class=\"\" data-start=\"994\" data-end=\"1114\"><strong data-start=\"994\" data-end=\"1011\">Outlook 2024:<\/strong> Daha ak\u0131ll\u0131 arama, zamanlama ve g\u00f6rev y\u00f6netimi \u00f6zellikleriyle e-posta deneyiminizi yeniden tan\u0131mlay\u0131n.<\/p>\n<\/li>\n<li class=\"\" data-start=\"1115\" data-end=\"1206\">\n<p class=\"\" data-start=\"1117\" data-end=\"1206\"><strong data-start=\"1117\" data-end=\"1134\">OneNote 2024:<\/strong> Fikirlerinizi d\u00fczenleyin, senkronize edin ve ekiplerle an\u0131nda payla\u015f\u0131n.<\/p>\n<\/li>\n<li class=\"\" data-start=\"1207\" data-end=\"1290\">\n<p class=\"\" data-start=\"1209\" data-end=\"1290\"><strong data-start=\"1209\" data-end=\"1225\">Access 2024:<\/strong> Daha g\u00fc\u00e7l\u00fc veritaban\u0131 ara\u00e7lar\u0131 ile i\u015f s\u00fcre\u00e7lerinizi h\u0131zland\u0131r\u0131n.<\/p>\n<\/li>\n<li class=\"\" data-start=\"1291\" data-end=\"1389\">\n<p class=\"\" data-start=\"1293\" data-end=\"1389\"><strong data-start=\"1293\" data-end=\"1312\">Publisher 2024:<\/strong> Geli\u015fmi\u015f tasar\u0131m ara\u00e7lar\u0131yla dikkat \u00e7ekici pazarlama materyalleri olu\u015fturun.<\/p>\n<\/li>\n<\/ul>\n<hr class=\"\" data-start=\"1391\" data-end=\"1394\" \/>\n<h3 class=\"\" data-start=\"1396\" data-end=\"1424\"><strong data-start=\"1400\" data-end=\"1424\">Teslimat ve Kurulum:<\/strong><\/h3>\n<ul data-start=\"1426\" data-end=\"1743\">\n<li class=\"\" data-start=\"1426\" data-end=\"1597\">\n<p class=\"\" data-start=\"1428\" data-end=\"1597\"><strong data-start=\"1428\" data-end=\"1450\">Anahtar Teslimat\u0131:<\/strong> Sat\u0131n alma i\u015flemi sonras\u0131nda <strong data-start=\"1480\" data-end=\"1521\">Office 2024 Pro Plus \u00fcr\u00fcn anahtar\u0131n\u0131z<\/strong> e-posta yoluyla iletilir. <strong data-start=\"1548\" data-end=\"1581\">Formats\u0131z s\u00fcresiz kullan\u0131m<\/strong> avantaj\u0131 sunar.<\/p>\n<\/li>\n<li class=\"\" data-start=\"1598\" data-end=\"1743\">\n<p class=\"\" data-start=\"1600\" data-end=\"1743\"><strong data-start=\"1600\" data-end=\"1632\">Detayl\u0131 Kurulum Talimatlar\u0131:<\/strong> \u00dcr\u00fcn anahtar\u0131yla birlikte g\u00f6nderilen ad\u0131m ad\u0131m kurulum rehberi sayesinde kurulumu kolayca tamamlayabilirsiniz.<\/p>\n<\/li>\n<\/ul>\n<hr class=\"\" data-start=\"1745\" data-end=\"1748\" \/>\n<h3 class=\"\" data-start=\"1750\" data-end=\"1769\"><strong data-start=\"1754\" data-end=\"1769\">Avantajlar:<\/strong><\/h3>\n<ul data-start=\"1771\" data-end=\"2192\">\n<li class=\"\" data-start=\"1771\" data-end=\"1872\">\n<p class=\"\" data-start=\"1773\" data-end=\"1872\"><strong data-start=\"1773\" data-end=\"1790\">G\u00fcvenilirlik:<\/strong> Microsoft\u2019un g\u00fcncel g\u00fcvenlik altyap\u0131s\u0131 ile belgeleriniz her zaman koruma alt\u0131nda.<\/p>\n<\/li>\n<li class=\"\" data-start=\"1873\" data-end=\"1959\">\n<p class=\"\" data-start=\"1875\" data-end=\"1959\"><strong data-start=\"1875\" data-end=\"1889\">Uyumluluk:<\/strong> Office 2024 Pro Plus, <strong data-start=\"1912\" data-end=\"1940\">Windows 10 ve Windows 11<\/strong> ile tam uyumludur.<\/p>\n<\/li>\n<li class=\"\" data-start=\"1960\" data-end=\"2081\">\n<p class=\"\" data-start=\"1962\" data-end=\"2081\"><strong data-start=\"1962\" data-end=\"1977\">Verimlilik:<\/strong> Ak\u0131ll\u0131 \u00f6zellikler ve yeni nesil kullan\u0131c\u0131 deneyimiyle maksimum performans.<\/p>\n<\/li>\n<li class=\"\" data-start=\"2082\" data-end=\"2192\">\n<p class=\"\" data-start=\"2084\" data-end=\"2192\"><strong data-start=\"2084\" data-end=\"2095\">Destek:<\/strong> Microsoft\u2019un d\u00fczenli g\u00fcncellemeleri ve teknik destek hizmetleriyle daima g\u00fcncel ve g\u00fcvendesiniz.<\/p>\n<\/li>\n<\/ul>\n<hr class=\"\" data-start=\"2194\" data-end=\"2197\" \/>\n<p class=\"\" data-start=\"2199\" data-end=\"2381\"><strong data-start=\"2199\" data-end=\"2223\">Office 2024 Pro Plus<\/strong> ile \u00fcretkenli\u011finizi art\u0131r\u0131n, dijital i\u015flerinizi kolayla\u015ft\u0131r\u0131n ve profesyonel \u00e7\u00f6z\u00fcmlerle tan\u0131\u015f\u0131n. <strong data-start=\"2321\" data-end=\"2347\">Hemen \u015fimdi sat\u0131n al\u0131n<\/strong>, avantajlardan siz de yararlan\u0131n!<\/p>\n","protected":false},"excerpt":{"rendered":"<p>G\u00fcn\u00fcm\u00fcz i\u015f d\u00fcnyas\u0131 ve bireysel kullan\u0131m i\u00e7in en g\u00fcncel ve g\u00fc\u00e7l\u00fc \u00e7\u00f6z\u00fcmleri sunan <strong data-start=\"366\" data-end=\"390\">Office 2024 Pro Plus<\/strong>, \u00fcretkenli\u011finizi art\u0131rmak ve i\u015flerinizi kolayla\u015ft\u0131rmak i\u00e7in tasarland\u0131. Geli\u015ftirilmi\u015f aray\u00fcz\u00fc, performans optimizasyonlar\u0131 ve yenilik\u00e7i ara\u00e7lar\u0131yla <strong data-start=\"539\" data-end=\"554\">Office 2024<\/strong>, dijital \u00e7al\u0131\u015fma deneyiminizi bir \u00fcst seviyeye ta\u015f\u0131yor.<\/p>\n","protected":false},"featured_media":1354,"comment_status":"open","ping_status":"closed","template":"","meta":[],"product_brand":[],"product_cat":[92],"product_tag":[102,103],"class_list":{"0":"post-1318","1":"product","2":"type-product","3":"status-publish","4":"has-post-thumbnail","6":"product_cat-lisanslar","7":"product_tag-102","8":"product_tag-office","10":"first","11":"instock","12":"sale","13":"shipping-taxable","14":"purchasable","15":"product-type-simple"},"_links":{"self":[{"href":"https:\/\/tema.excelsinifi.com\/index.php?rest_route=\/wp\/v2\/product\/1318","targetHints":{"allow":["GET"]}}],"collection":[{"href":"https:\/\/tema.excelsinifi.com\/index.php?rest_route=\/wp\/v2\/product"}],"about":[{"href":"https:\/\/tema.excelsinifi.com\/index.php?rest_route=\/wp\/v2\/types\/product"}],"replies":[{"embeddable":true,"href":"https:\/\/tema.excelsinifi.com\/index.php?rest_route=%2Fwp%2Fv2%2Fcomments&post=1318"}],"version-history":[{"count":1,"href":"https:\/\/tema.excelsinifi.com\/index.php?rest_route=\/wp\/v2\/product\/1318\/revisions"}],"predecessor-version":[{"id":1355,"href":"https:\/\/tema.excelsinifi.com\/index.php?rest_route=\/wp\/v2\/product\/1318\/revisions\/1355"}],"wp:featuredmedia":[{"embeddable":true,"href":"https:\/\/tema.excelsinifi.com\/index.php?rest_route=\/wp\/v2\/media\/1354"}],"wp:attachment":[{"href":"https:\/\/tema.excelsinifi.com\/index.php?rest_route=%2Fwp%2Fv2%2Fmedia&parent=1318"}],"wp:term":[{"taxonomy":"product_brand","embeddable":true,"href":"https:\/\/tema.excelsinifi.com\/index.php?rest_route=%2Fwp%2Fv2%2Fproduct_brand&post=1318"},{"taxonomy":"product_cat","embeddable":true,"href":"https:\/\/tema.excelsinifi.com\/index.php?rest_route=%2Fwp%2Fv2%2Fproduct_cat&post=1318"},{"taxonomy":"product_tag","embeddable":true,"href":"https:\/\/tema.excelsinifi.com\/index.php?rest_route=%2Fwp%2Fv2%2Fproduct_tag&post=1318"}],"curies":[{"name":"wp","href":"https:\/\/api.w.org\/{rel}","templated":true}]}}