{"id":1314,"date":"2026-05-11T11:37:29","date_gmt":"2026-05-11T11:37:29","guid":{"rendered":"https:\/\/tema.excelsinifi.com\/?post_type=product&#038;p=1314"},"modified":"2026-05-11T11:37:43","modified_gmt":"2026-05-11T11:37:43","slug":"excel-10-adet-program","status":"publish","type":"product","link":"https:\/\/tema.excelsinifi.com\/?product=excel-10-adet-program","title":{"rendered":"Excel 10 Adet Program"},"content":{"rendered":"<h2><strong>Excel 10 Adet Program Tek Pakette!<\/strong><\/h2>\n<p>\u0130\u015fletmenizin verimlili\u011fini art\u0131racak, zaman y\u00f6netiminizi optimize edecek ve finansal s\u00fcre\u00e7lerinizi kusursuz hale getirecek <strong>Excel Paketi<\/strong>, i\u015fletmelerin en \u00e7ok ihtiya\u00e7 duydu\u011fu 10 g\u00fc\u00e7l\u00fc Excel program\u0131n\u0131 tek bir pakette sunuyor! Kod bilgisine gerek kalmadan, pratik ve geli\u015fmi\u015f \u00f6zellikleriyle <strong>i\u015finizi kolayla\u015ft\u0131racak<\/strong> bu e\u015fsiz \u00e7\u00f6z\u00fcm, Excel\u2019in g\u00fcc\u00fcn\u00fc sonuna kadar kullanman\u0131z\u0131 sa\u011flar.<\/p>\n<h2><strong>Pakette Yer Alan Programlar ve \u00d6zellikleri<\/strong><\/h2>\n<p>\u2705 <strong>Barkod Olu\u015fturucu<\/strong><br \/>\n\u00dcr\u00fcnlerinizi h\u0131zl\u0131 bir \u015fekilde tan\u0131mlay\u0131n, barkodlar\u0131n\u0131z\u0131 olu\u015fturun ve an\u0131nda okutarak i\u015flemlerinizi h\u0131zland\u0131r\u0131n. Otomatik kodlama sistemi sayesinde hata pay\u0131n\u0131 minimuma indirerek <strong>stok ve sat\u0131\u015f y\u00f6netiminizi kusursuz hale getirin!<\/strong><\/p>\n<p>\u2705 <strong>Kasa Takip Program\u0131<\/strong><br \/>\nG\u00fcnl\u00fck, haftal\u0131k ve ayl\u0131k kasa hareketlerinizi kolayca takip edin. Gelir-gider takibi yaparak <strong>nakit ak\u0131\u015f\u0131n\u0131z\u0131 kontrol alt\u0131nda tutun<\/strong> ve k\u00e2rl\u0131l\u0131\u011f\u0131n\u0131z\u0131 art\u0131r\u0131n.<\/p>\n<p>\u2705 <strong>Stok Y\u00f6netim Program\u0131<\/strong><br \/>\n\u00dcr\u00fcn giri\u015f-\u00e7\u0131k\u0131\u015flar\u0131n\u0131 d\u00fczenli olarak kay\u0131t alt\u0131na al\u0131n, kritik stok seviyelerine ula\u015ft\u0131\u011f\u0131n\u0131zda <strong>otomatik uyar\u0131 sistemi<\/strong> ile eksiklerinizi an\u0131nda tespit edin.<\/p>\n<p>\u2705 <strong>Gelir-Gider Takip Program\u0131<\/strong><br \/>\n\u0130\u015fletmenizin mali performans\u0131n\u0131 en ince ayr\u0131nt\u0131s\u0131na kadar analiz edin. <strong>Kategorilere ayr\u0131lm\u0131\u015f gelir ve gider listeleri<\/strong> ile finansal verilerinizi eksiksiz y\u00f6netin ve gelece\u011fe y\u00f6nelik do\u011fru kararlar al\u0131n.<\/p>\n<p>\u2705 <strong>Fatura Takip Sistemi<\/strong><br \/>\nGelen ve giden faturalar\u0131n\u0131z\u0131 tek bir ekran \u00fczerinden y\u00f6netin. <strong>\u00d6deme tarihlerini ve m\u00fc\u015fteri bilgilerini kay\u0131t alt\u0131na alarak<\/strong> finansal s\u00fcre\u00e7lerinizi kontrol alt\u0131nda tutun.<\/p>\n<p>\u2705 <strong>N\u00f6bet Listesi Olu\u015fturucu<\/strong><br \/>\n\u00c7al\u0131\u015fanlar\u0131n\u0131z\u0131n vardiyalar\u0131n\u0131 planlay\u0131n, otomatik olarak n\u00f6bet listeleri olu\u015fturun ve <strong>verimli bir \u00e7al\u0131\u015fma d\u00fczeni olu\u015fturun.<\/strong><\/p>\n<p>\u2705 <strong>Do\u011fum G\u00fcn\u00fc Hat\u0131rlatma &amp; E-posta G\u00f6nderme<\/strong><br \/>\n\u00c7al\u0131\u015fanlar\u0131n\u0131za \u00f6zel olduklar\u0131n\u0131 hissettiren bu sistem ile do\u011fum g\u00fcnlerini takip edin ve <strong>otomatik e-posta sistemiyle ki\u015fiselle\u015ftirilmi\u015f kutlamalar yaparak motivasyonu art\u0131r\u0131n!<\/strong><\/p>\n<p>\u2705 <strong>Puantaj Takip Program\u0131<\/strong><br \/>\n\u00c7al\u0131\u015fanlar\u0131n\u0131z\u0131n giri\u015f-\u00e7\u0131k\u0131\u015f saatlerini d\u00fczenleyin, fazla mesaileri ve devams\u0131zl\u0131klar\u0131 kay\u0131t alt\u0131na alarak <strong>personel y\u00f6netiminde m\u00fckemmel bir kontrol sa\u011flay\u0131n!<\/strong><\/p>\n<p>\u2705 <strong>Taksitlendirme Sistemi<\/strong><br \/>\n\u00d6demelerinizi ve m\u00fc\u015fterilere sa\u011flad\u0131\u011f\u0131n\u0131z taksitlendirme s\u00fcre\u00e7lerini tek bir yerden takip edin. <strong>\u00d6deme tarihlerini ka\u00e7\u0131rmadan finansal planlaman\u0131z\u0131 yap\u0131n!<\/strong><\/p>\n<p>\u2705 <strong>Sipari\u015f TakipProgram\u0131<\/strong><br \/>\nM\u00fc\u015fterilerinizden gelen sipari\u015fleri kaydedin, teslim s\u00fcre\u00e7lerini takip edin ve stok durumunu kontrol ederek <strong>operasyonlar\u0131n\u0131z\u0131 h\u0131zland\u0131r\u0131n!<\/strong><\/p>\n<hr \/>\n<h3><strong>Kimler Kullanabilir?<\/strong><\/h3>\n<ul>\n<li>K\u00fc\u00e7\u00fck ve orta \u00f6l\u00e7ekli i\u015fletmeler<\/li>\n<li>Ma\u011faza ve e-ticaret sahipleri<\/li>\n<li>Muhasebe ve finans y\u00f6neticileri<\/li>\n<li>Personel ve insan kaynaklar\u0131 y\u00f6neticileri<\/li>\n<li>Kendi i\u015fini y\u00f6neten giri\u015fimciler<\/li>\n<\/ul>\n<h3><strong>Neden Excel Pro Y\u00f6netim Paketi?<\/strong><\/h3>\n<p>\u2714 <strong>Tek bir pakette 10 g\u00fc\u00e7l\u00fc \u00e7\u00f6z\u00fcm<\/strong><br \/>\n\u2714 <strong>Excel bilgisi gerektirmeyen kullan\u0131c\u0131 dostu aray\u00fcz<\/strong><br \/>\n\u2714 <strong>Otomatik hesaplamalar, raporlamalar ve uyar\u0131 sistemleri<\/strong><br \/>\n\u2714 <strong>Kolayca \u00f6zelle\u015ftirilebilir esnek yap\u0131s\u0131<\/strong><br \/>\n\u2714 <strong>Kurulum gerektirmeyen ve ekstra maliyet olu\u015fturmayan sistem<\/strong><\/p>\n<p>\u0130\u015fletmenizi <strong>kontrol alt\u0131na alman\u0131n ve profesyonel bir y\u00f6netim sistemi olu\u015fturman\u0131n tam zaman\u0131!<\/strong> Hemen Excel Paketi\u2019ni sat\u0131n al\u0131n, i\u015f s\u00fcre\u00e7lerinizi <strong>kolayla\u015ft\u0131r\u0131n, h\u0131zland\u0131r\u0131n ve verimlili\u011finizi zirveye ta\u015f\u0131y\u0131n!<\/strong> \ud83d\ude80<\/p>\n","protected":false},"excerpt":{"rendered":"<p>\u0130\u015fletmenizin verimlili\u011fini art\u0131racak, zaman y\u00f6netiminizi optimize edecek ve finansal s\u00fcre\u00e7lerinizi kusursuz hale getirecek <strong>Excel 10 Adet Program,<\/strong>\u00a0i\u015fletmelerin en \u00e7ok ihtiya\u00e7 duydu\u011fu 10 g\u00fc\u00e7l\u00fc Excel program\u0131n\u0131 tek bir pakette sunuyor! Kod bilgisine gerek kalmadan, pratik ve geli\u015fmi\u015f \u00f6zellikleriyle <strong>i\u015finizi kolayla\u015ft\u0131racak<\/strong> bu e\u015fsiz \u00e7\u00f6z\u00fcm, Excel\u2019in g\u00fcc\u00fcn\u00fc sonuna kadar kullanman\u0131z\u0131 sa\u011flar.<\/p>\n","protected":false},"featured_media":1343,"comment_status":"open","ping_status":"closed","template":"","meta":[],"product_brand":[],"product_cat":[82],"product_tag":[],"class_list":{"0":"post-1314","1":"product","2":"type-product","3":"status-publish","4":"has-post-thumbnail","6":"product_cat-dosyalar","8":"first","9":"instock","10":"downloadable","11":"shipping-taxable","12":"purchasable","13":"product-type-simple"},"_links":{"self":[{"href":"https:\/\/tema.excelsinifi.com\/index.php?rest_route=\/wp\/v2\/product\/1314","targetHints":{"allow":["GET"]}}],"collection":[{"href":"https:\/\/tema.excelsinifi.com\/index.php?rest_route=\/wp\/v2\/product"}],"about":[{"href":"https:\/\/tema.excelsinifi.com\/index.php?rest_route=\/wp\/v2\/types\/product"}],"replies":[{"embeddable":true,"href":"https:\/\/tema.excelsinifi.com\/index.php?rest_route=%2Fwp%2Fv2%2Fcomments&post=1314"}],"version-history":[{"count":1,"href":"https:\/\/tema.excelsinifi.com\/index.php?rest_route=\/wp\/v2\/product\/1314\/revisions"}],"predecessor-version":[{"id":1344,"href":"https:\/\/tema.excelsinifi.com\/index.php?rest_route=\/wp\/v2\/product\/1314\/revisions\/1344"}],"wp:featuredmedia":[{"embeddable":true,"href":"https:\/\/tema.excelsinifi.com\/index.php?rest_route=\/wp\/v2\/media\/1343"}],"wp:attachment":[{"href":"https:\/\/tema.excelsinifi.com\/index.php?rest_route=%2Fwp%2Fv2%2Fmedia&parent=1314"}],"wp:term":[{"taxonomy":"product_brand","embeddable":true,"href":"https:\/\/tema.excelsinifi.com\/index.php?rest_route=%2Fwp%2Fv2%2Fproduct_brand&post=1314"},{"taxonomy":"product_cat","embeddable":true,"href":"https:\/\/tema.excelsinifi.com\/index.php?rest_route=%2Fwp%2Fv2%2Fproduct_cat&post=1314"},{"taxonomy":"product_tag","embeddable":true,"href":"https:\/\/tema.excelsinifi.com\/index.php?rest_route=%2Fwp%2Fv2%2Fproduct_tag&post=1314"}],"curies":[{"name":"wp","href":"https:\/\/api.w.org\/{rel}","templated":true}]}}