{"id":1312,"date":"2026-05-11T11:37:28","date_gmt":"2026-05-11T11:37:28","guid":{"rendered":"https:\/\/tema.excelsinifi.com\/?post_type=product&#038;p=1312"},"modified":"2026-05-11T11:37:39","modified_gmt":"2026-05-11T11:37:39","slug":"personel-ve-ik-yonetim-cozumleri","status":"publish","type":"product","link":"https:\/\/tema.excelsinifi.com\/?product=personel-ve-ik-yonetim-cozumleri","title":{"rendered":"Personel ve \u0130K Y\u00f6netim \u00c7\u00f6z\u00fcmleri"},"content":{"rendered":"<h3>Tek Pakette 3 \u015eablon \u2013 Personel ve \u0130K Y\u00f6netim \u00c7\u00f6z\u00fcmleri<\/h3>\n<p>Bu paket, \u0130K s\u00fcre\u00e7lerinizi h\u0131zland\u0131rmak ve personel y\u00f6netimini optimize etmek i\u00e7in tasarlanm\u0131\u015f \u00fc\u00e7 kapsaml\u0131 Excel \u015fablonunu bir araya getirir. \u015eablonlar, \u015firketinizin \u0130K operasyonlar\u0131n\u0131 d\u00fczenlemek, verimlili\u011fi art\u0131rmak ve s\u00fcre\u00e7leri h\u0131zla dijitale ta\u015f\u0131mak i\u00e7in g\u00fc\u00e7l\u00fc ara\u00e7lar sunar. Sat\u0131n alma sonras\u0131 hemen indirilebilir format\u0131yla h\u0131zl\u0131 eri\u015fim sa\u011flar.<\/p>\n<h4>Pakette Neler Var?<\/h4>\n<hr \/>\n<p><strong>1. Puantaj Program\u0131<\/strong><\/p>\n<p>\u00c7al\u0131\u015fanlar\u0131n\u0131z\u0131n g\u00fcnl\u00fck, haftal\u0131k ve ayl\u0131k puantaj takibini kolayca yapabilece\u011finiz, \u00e7al\u0131\u015fma d\u00fczenini optimize eden kapsaml\u0131 bir program.<\/p>\n<ul>\n<li><strong>Esnek Ayar Se\u00e7enekleri:<\/strong> Kurumunuzun \u00e7al\u0131\u015fma saati, fazla mesai ve kesinti politikalar\u0131n\u0131 kolayca tan\u0131mlay\u0131n.<\/li>\n<li><strong>Personel Bilgi Giri\u015fi:<\/strong> \u00c7al\u0131\u015fanlar\u0131n\u0131z\u0131n ad-soyad, birim ve maa\u015f bilgilerini kaydedebilece\u011finiz pratik bir tablo sunar.<\/li>\n<li><strong>Otomatik Maa\u015f Hesaplamalar\u0131:<\/strong> Ay ve y\u0131l se\u00e7imini yapt\u0131ktan sonra ilgili ay\u0131n maa\u015f, fazla mesai, izin ve kesinti gibi parametrelerini otomatik olarak hesaplay\u0131n.<\/li>\n<li><strong>Detayl\u0131 Raporlama:<\/strong> Ayl\u0131k maa\u015f, haftal\u0131k izin durumu ve yap\u0131lan fazla mesai gibi bilgileri i\u00e7eren raporlar otomatik olarak olu\u015fturulur. Ger\u00e7ekle\u015ftirilen t\u00fcm i\u015flemler kay\u0131t alt\u0131nda olup geriye d\u00f6n\u00fck hakedi\u015flere dair raporlar\u0131 g\u00f6r\u00fcnt\u00fcleyebilirsiniz.<\/li>\n<\/ul>\n<p>&nbsp;<\/p>\n<hr \/>\n<p><strong>2. \u0130zin Takip Program\u0131<\/strong><\/p>\n<p>\u00c7al\u0131\u015fanlar\u0131n\u0131z\u0131n t\u00fcm izin s\u00fcre\u00e7lerini kolayca y\u00f6netin. Bu \u015fablon, personel izin taleplerini, hakedi\u015flerini ve resmi tatilleri takip etmek i\u00e7in ideal bir \u00e7\u00f6z\u00fcm sunar.<\/p>\n<ul>\n<li><strong>Kolay Personel Tan\u0131mlama ve \u0130zin Giri\u015fleri:<\/strong> \u00c7al\u0131\u015fanlar\u0131n\u0131z\u0131 h\u0131zl\u0131ca tan\u0131mlay\u0131p, izin taleplerini kaydedebilece\u011finiz d\u00fczenli giri\u015f tablolar\u0131.<\/li>\n<li><strong>Resmi Tatil ve \u0130dari \u0130zin Giri\u015fleri:<\/strong> Tatil ve izinleri kaydedebilmeniz i\u00e7in \u00f6zel tan\u0131mlama alan\u0131.<\/li>\n<li><strong>Ayar Tablolar\u0131:<\/strong> Haftasonu, izin t\u00fcrleri ve hakedi\u015f ayarlar\u0131n\u0131 ki\u015fisel \u015firket politikalar\u0131n\u0131za g\u00f6re \u00f6zelle\u015ftirebilirsiniz.<\/li>\n<li><strong>\u0130zin Talep Formu:<\/strong> Personelinizin izin ba\u015fvurular\u0131n\u0131 belgeleyebilece\u011fi ve y\u00f6netimin takip edebilece\u011fi bir form sa\u011flar.<\/li>\n<li><strong>Detayl\u0131 \u0130zin Kullan\u0131m Raporu:<\/strong> Kullan\u0131lan izinleri, kalan izin haklar\u0131n\u0131 ve ge\u00e7mi\u015f izin taleplerini detayl\u0131 olarak g\u00f6r\u00fcnt\u00fcleyin.<\/li>\n<\/ul>\n<p>&nbsp;<\/p>\n<hr \/>\n<p><strong>3. \u0130K Dashboard Raporu<\/strong><\/p>\n<p>Personel verilerinizi g\u00f6rselle\u015ftirin, analiz edin ve \u0130K stratejilerinizi g\u00fc\u00e7lendirin. Bu dinamik \u015fablon, y\u00f6neticiler i\u00e7in kapsaml\u0131 bir analiz sunarak karar alma s\u00fcre\u00e7lerini destekler.<\/p>\n<ul>\n<li><strong>Personel Da\u011f\u0131l\u0131m\u0131 ve Maa\u015f Analizleri:<\/strong> Cinsiyet, departman bazl\u0131 maa\u015f oranlar\u0131 ve personel da\u011f\u0131l\u0131m\u0131n\u0131 analiz edin.<\/li>\n<li><strong>Hareketli Dashboard ve Filtreleme \u00d6zellikleri:<\/strong> \u0130stenilen verileri d\u00fc\u011fmeler arac\u0131l\u0131\u011f\u0131yla filtreleyebilir ve anl\u0131k olarak g\u00f6rselle\u015ftirebilirsiniz. Dinamik yap\u0131s\u0131 sayesinde raporlar\u0131 g\u00fcncel verilerle takip edebilirsiniz.<\/li>\n<li><strong>Stratejik \u0130K Raporlar\u0131:<\/strong> \u0130nsan kaynaklar\u0131 y\u00f6neticileri ve \u015firket sahipleri i\u00e7in veriye dayal\u0131 stratejik kararlar\u0131 destekleyen g\u00fc\u00e7l\u00fc bir ara\u00e7t\u0131r; personel performans analizleri, birim bazl\u0131 maa\u015f da\u011f\u0131l\u0131m\u0131 ve toplam \u00e7al\u0131\u015fan durumu gibi verilerle \u015firkete dair kapsaml\u0131 bir bak\u0131\u015f a\u00e7\u0131s\u0131 sa\u011flar.<\/li>\n<\/ul>\n<hr \/>\n<h4>Neden Bu Paketi Tercih Etmelisiniz?<\/h4>\n<ul>\n<li><strong>An\u0131nda Eri\u015fim:<\/strong> Sat\u0131n ald\u0131ktan sonra hemen indirilebilir dosya format\u0131 ile vakit kaybetmeden kullanmaya ba\u015flayabilirsiniz.<\/li>\n<li><strong>Esneklik ve Kullan\u0131m Kolayl\u0131\u011f\u0131:<\/strong> Her seviyeden kullan\u0131c\u0131 i\u00e7in anla\u015f\u0131l\u0131r aray\u00fcz, kapsaml\u0131 ayarlar ve otomatik hesaplama \u00f6zellikleri sunar.<\/li>\n<li><strong>G\u00fc\u00e7l\u00fc Raporlama ve Analiz:<\/strong> \u015eirketin \u0130K s\u00fcre\u00e7lerini geli\u015ftirmek, verimlili\u011fi art\u0131rmak ve stratejik kararlar almak i\u00e7in gerekli t\u00fcm bilgileri sunar.<\/li>\n<\/ul>\n","protected":false},"excerpt":{"rendered":"<p>Bu paket, \u0130K s\u00fcre\u00e7lerinizi h\u0131zland\u0131rmak ve personel y\u00f6netimini optimize etmek i\u00e7in tasarlanm\u0131\u015f \u00fc\u00e7 kapsaml\u0131 Excel \u015fablonunu bir araya getirir. \u015eablonlar, \u015firketinizin \u0130K operasyonlar\u0131n\u0131 d\u00fczenlemek, verimlili\u011fi art\u0131rmak ve s\u00fcre\u00e7leri h\u0131zla dijitale ta\u015f\u0131mak i\u00e7in g\u00fc\u00e7l\u00fc ara\u00e7lar sunar. Sat\u0131n alma sonras\u0131 hemen indirilebilir format\u0131yla h\u0131zl\u0131 eri\u015fim sa\u011flar.<\/p>\n","protected":false},"featured_media":1337,"comment_status":"open","ping_status":"closed","template":"","meta":[],"product_brand":[],"product_cat":[82],"product_tag":[83,84,85,86,87],"class_list":{"0":"post-1312","1":"product","2":"type-product","3":"status-publish","4":"has-post-thumbnail","6":"product_cat-dosyalar","7":"product_tag-insan","8":"product_tag-izin","9":"product_tag-kaynaklari","10":"product_tag-puantaj","11":"product_tag-takip","13":"first","14":"instock","15":"downloadable","16":"shipping-taxable","17":"purchasable","18":"product-type-simple"},"_links":{"self":[{"href":"https:\/\/tema.excelsinifi.com\/index.php?rest_route=\/wp\/v2\/product\/1312","targetHints":{"allow":["GET"]}}],"collection":[{"href":"https:\/\/tema.excelsinifi.com\/index.php?rest_route=\/wp\/v2\/product"}],"about":[{"href":"https:\/\/tema.excelsinifi.com\/index.php?rest_route=\/wp\/v2\/types\/product"}],"replies":[{"embeddable":true,"href":"https:\/\/tema.excelsinifi.com\/index.php?rest_route=%2Fwp%2Fv2%2Fcomments&post=1312"}],"version-history":[{"count":1,"href":"https:\/\/tema.excelsinifi.com\/index.php?rest_route=\/wp\/v2\/product\/1312\/revisions"}],"predecessor-version":[{"id":1338,"href":"https:\/\/tema.excelsinifi.com\/index.php?rest_route=\/wp\/v2\/product\/1312\/revisions\/1338"}],"wp:featuredmedia":[{"embeddable":true,"href":"https:\/\/tema.excelsinifi.com\/index.php?rest_route=\/wp\/v2\/media\/1337"}],"wp:attachment":[{"href":"https:\/\/tema.excelsinifi.com\/index.php?rest_route=%2Fwp%2Fv2%2Fmedia&parent=1312"}],"wp:term":[{"taxonomy":"product_brand","embeddable":true,"href":"https:\/\/tema.excelsinifi.com\/index.php?rest_route=%2Fwp%2Fv2%2Fproduct_brand&post=1312"},{"taxonomy":"product_cat","embeddable":true,"href":"https:\/\/tema.excelsinifi.com\/index.php?rest_route=%2Fwp%2Fv2%2Fproduct_cat&post=1312"},{"taxonomy":"product_tag","embeddable":true,"href":"https:\/\/tema.excelsinifi.com\/index.php?rest_route=%2Fwp%2Fv2%2Fproduct_tag&post=1312"}],"curies":[{"name":"wp","href":"https:\/\/api.w.org\/{rel}","templated":true}]}}